{"id":10,"date":"2022-11-28T10:42:13","date_gmt":"2022-11-28T09:42:13","guid":{"rendered":"http:\/\/torestorpsif.se\/?page_id=10"},"modified":"2025-12-02T12:51:51","modified_gmt":"2025-12-02T11:51:51","slug":"bli-medlem","status":"publish","type":"page","link":"https:\/\/torestorpsif.se\/?page_id=10","title":{"rendered":"Bli medlem"},"content":{"rendered":"\n<p>Var med och st\u00f6tta v\u00e5r verksamhet!<\/p>\n\n\n\n<p>Bli medlem i Torestorps IF<\/p>\n\n\n\n<p><strong>Medlemsavgiften:<\/strong><\/p>\n\n\n\n<p>Vuxna&nbsp;125 kr<\/p>\n\n\n\n<p>Barn 50 kr<\/p>\n\n\n\n<p>Plusgiro: 375005-6 <\/p>\n\n\n\n<p>Bankgiro: 916-6216<\/p>\n\n\n\n<p>Swish:\u00a0123-024 61 65<\/p>\n\n\n\n<p><strong>S\u00e5 h\u00e4r g\u00f6r du:<\/strong><\/p>\n\n\n\n<p>Betala in \u00e5rsavgiften p\u00e5 v\u00e5rt plus- eller bankgiro och uppge namn och f\u00f6delsedata (\u00c5r &amp; M\u00e5nad) t.ex Anders Andersson 9501<\/p>\n\n\n\n<p>Ev. fr\u00e5gor? Kontakta Tor Ellnefors, tel.\u00a00709 49 09 70 eller ellnefors@gmail.com<\/p>\n\n\n\n<p>V\u00e4lkommen som medlem!<\/p>\n","protected":false},"excerpt":{"rendered":"<p>Var med och st\u00f6tta v\u00e5r verksamhet! Bli medlem i Torestorps IF Medlemsavgiften: Vuxna&nbsp;125 kr Barn 50 kr Plusgiro: 375005-6 Bankgiro: 916-6216 Swish:\u00a0123-024 61 65 S\u00e5 h\u00e4r g\u00f6r du: Betala in \u00e5rsavgiften p\u00e5 v\u00e5rt plus- eller bankgiro och uppge namn och f\u00f6delsedata (\u00c5r &amp; M\u00e5nad) t.ex Anders Andersson 9501 Ev. fr\u00e5gor? Kontakta Tor Ellnefors, tel.\u00a00709 49 [&hellip;]<\/p>\n","protected":false},"author":1,"featured_media":0,"parent":0,"menu_order":0,"comment_status":"closed","ping_status":"closed","template":"","meta":{"om_disable_all_campaigns":false,"_monsterinsights_skip_tracking":false,"_monsterinsights_sitenote_active":false,"_monsterinsights_sitenote_note":"","_monsterinsights_sitenote_category":0,"footnotes":""},"class_list":["post-10","page","type-page","status-publish","hentry"],"aioseo_notices":[],"_links":{"self":[{"href":"https:\/\/torestorpsif.se\/index.php?rest_route=\/wp\/v2\/pages\/10","targetHints":{"allow":["GET"]}}],"collection":[{"href":"https:\/\/torestorpsif.se\/index.php?rest_route=\/wp\/v2\/pages"}],"about":[{"href":"https:\/\/torestorpsif.se\/index.php?rest_route=\/wp\/v2\/types\/page"}],"author":[{"embeddable":true,"href":"https:\/\/torestorpsif.se\/index.php?rest_route=\/wp\/v2\/users\/1"}],"replies":[{"embeddable":true,"href":"https:\/\/torestorpsif.se\/index.php?rest_route=%2Fwp%2Fv2%2Fcomments&post=10"}],"version-history":[{"count":5,"href":"https:\/\/torestorpsif.se\/index.php?rest_route=\/wp\/v2\/pages\/10\/revisions"}],"predecessor-version":[{"id":322,"href":"https:\/\/torestorpsif.se\/index.php?rest_route=\/wp\/v2\/pages\/10\/revisions\/322"}],"wp:attachment":[{"href":"https:\/\/torestorpsif.se\/index.php?rest_route=%2Fwp%2Fv2%2Fmedia&parent=10"}],"curies":[{"name":"wp","href":"https:\/\/api.w.org\/{rel}","templated":true}]}}